{"id":197,"date":"2020-12-02T04:48:55","date_gmt":"2020-12-02T04:48:55","guid":{"rendered":"http:\/\/itinc-demo.pbminfotech.com\/datasite\/?page_id=16437"},"modified":"2024-08-28T18:23:18","modified_gmt":"2024-08-28T21:23:18","slug":"homepage-5","status":"publish","type":"page","link":"https:\/\/www.morefunbrasil.com.br\/","title":{"rendered":"Homepage 5"},"content":{"rendered":"\t\t<div data-elementor-type=\"wp-page\" data-elementor-id=\"197\" class=\"elementor elementor-197\">\n\t\t\t\t\t\t<section class=\"elementor-section elementor-top-section elementor-element elementor-element-4812c34 thsn-col-stretched-none thsn-bg-color-over-image elementor-section-boxed elementor-section-height-default elementor-section-height-default\" data-id=\"4812c34\" data-element_type=\"section\" data-e-type=\"section\">\n\t\t\t\t\t\t<div class=\"elementor-container elementor-column-gap-default\">\n\t\t\t\t\t<div class=\"elementor-column elementor-col-100 elementor-top-column elementor-element elementor-element-4274042 thsn-bg-color-over-image\" data-id=\"4274042\" data-element_type=\"column\" data-e-type=\"column\">\n\t\t\t<div class=\"elementor-widget-wrap elementor-element-populated\">\n\t\t\t\t\t\t<div class=\"elementor-element elementor-element-307a741 elementor-widget elementor-widget-spacer\" data-id=\"307a741\" data-element_type=\"widget\" data-e-type=\"widget\" data-widget_type=\"spacer.default\">\n\t\t\t\t<div class=\"elementor-widget-container\">\n\t\t\t\t\t\t\t<div class=\"elementor-spacer\">\n\t\t\t<div class=\"elementor-spacer-inner\"><\/div>\n\t\t<\/div>\n\t\t\t\t\t\t<\/div>\n\t\t\t\t<\/div>\n\t\t\t\t\t<\/div>\n\t\t<\/div>\n\t\t\t\t\t<\/div>\n\t\t<\/section>\n\t\t\t\t<section class=\"elementor-section elementor-top-section elementor-element elementor-element-b7c19a4 thsn-bg-color-yes thsn-elementor-bg-color-white elementor-section-stretched thsn-col-stretched-none thsn-bg-color-over-image elementor-section-boxed elementor-section-height-default elementor-section-height-default\" data-id=\"b7c19a4\" data-element_type=\"section\" data-e-type=\"section\" data-settings=\"{&quot;stretch_section&quot;:&quot;section-stretched&quot;,&quot;background_background&quot;:&quot;classic&quot;}\">\n\t\t\t\t\t\t<div class=\"elementor-container elementor-column-gap-no\">\n\t\t\t\t\t<div class=\"elementor-column elementor-col-100 elementor-top-column elementor-element elementor-element-d981395 thsn-bg-color-over-image\" data-id=\"d981395\" data-element_type=\"column\" data-e-type=\"column\">\n\t\t\t<div class=\"elementor-widget-wrap elementor-element-populated\">\n\t\t\t\t\t\t<div class=\"elementor-element elementor-element-956617f thsn-align-center elementor-widget__width-inherit elementor-widget-mobile__width-inherit e-transform elementor-widget elementor-widget-thsn_multiple_icon_heading\" data-id=\"956617f\" data-element_type=\"widget\" data-e-type=\"widget\" data-settings=\"{&quot;_transform_scale_effect&quot;:{&quot;unit&quot;:&quot;px&quot;,&quot;size&quot;:1.3,&quot;sizes&quot;:[]},&quot;_transform_scale_effect_mobile&quot;:{&quot;unit&quot;:&quot;px&quot;,&quot;size&quot;:1,&quot;sizes&quot;:[]},&quot;_transform_scale_effect_tablet&quot;:{&quot;unit&quot;:&quot;px&quot;,&quot;size&quot;:&quot;&quot;,&quot;sizes&quot;:[]}}\" data-widget_type=\"thsn_multiple_icon_heading.default\">\n\t\t\t\t<div class=\"elementor-widget-container\">\n\t\t\t\t\t<div class=\"themesion-element themesion-element-miconheading thsn-element-miconheading-style-9 themesion-element-viewtype-row-column\" data-show=\"3\" data-columns=\"3\" data-loop=\"false\" data-autoplay=\"false\" data-center=\"false\" data-nav=\"false\" data-dots=\"false\" data-autoplayspeed=\"1000\" data-margin=\"\"><div class=\"themesion-element-inner\">\r\n\t\t<div class=\"thsn-ele-header-area\">\r\n\t\t\t\t<div class=\"thsn-heading-subheading center-align thsn-reverse-heading-yes\"><\/div>\t\t<\/div>\r\n\r\n\t\t<div class=\"thsn-element-posts-wrapper row multi-columns-row\">\r\n\r\n\t\t<article class=\"thsn-ele thsn-ele-miconheading thsn-miconheading-style-9 col-md-4   \"><div class=\"thsn-ihbox thsn-ihbox-style-9\"><div class=\"thsn-ihbox-box\">\r\n\t<div class=\"thsn-ihbox-icon\"><div class=\"thsn-ihbox-icon-wrapper thsn-ihbox-icon-type-icon\"><i class=\"thsn-itinc-icon thsn-itinc-icon-world\"><\/i><\/div><\/div>\t<h1 class=\"thsn-element-title\">\r\n\t\t\t\t\r\n\t\t\t\t\t3\u00ba  maior \r\n\t\t\t\t\r\n\t\t\t\t<\/h1>\r\n\t\t\t\t\t\t\r\n\t\t<div class=\"thsn-ihbox-contents\">\r\n\t\t\t\t<div class=\"thsn-heading-desc\">Fornecedor de terminais POS\nem todo o mundo.\n<br>\n<br><br><\/div>\t\t\t<\/div><!-- .thsn-ihbox-contents -->\r\n<\/div><\/div><\/article><article class=\"thsn-ele thsn-ele-miconheading thsn-miconheading-style-9 col-md-4   \"><div class=\"thsn-ihbox thsn-ihbox-style-9\"><div class=\"thsn-ihbox-box\">\r\n\t<div class=\"thsn-ihbox-icon\"><div class=\"thsn-ihbox-icon-wrapper thsn-ihbox-icon-type-icon\"><i class=\"thsn-itinc-icon thsn-itinc-icon-bar-chart\"><\/i><\/div><\/div>\t<h1 class=\"thsn-element-title\">\r\n\t\t\t\t\r\n\t\t\t\t\tO maior\r\n\t\t\t\t\r\n\t\t\t\t<\/h1>\r\n\t\t\t\t\t\t\r\n\t\t<div class=\"thsn-ihbox-contents\">\r\n\t\t\t\t<div class=\"thsn-heading-desc\">Fornecedor de terminais POS na regi\u00e3o Asi\u00e1tica\n<br>\n<br>\n<br><\/div>\t\t\t<\/div><!-- .thsn-ihbox-contents -->\r\n<\/div><\/div><\/article><article class=\"thsn-ele thsn-ele-miconheading thsn-miconheading-style-9 col-md-4   \"><div class=\"thsn-ihbox thsn-ihbox-style-9\"><div class=\"thsn-ihbox-box\">\r\n\t<div class=\"thsn-ihbox-icon\"><div class=\"thsn-ihbox-icon-wrapper thsn-ihbox-icon-type-icon\"><i class=\"sgicon sgicon-WorldWide\"><\/i><\/div><\/div>\t<h3 class=\"thsn-element-title\">\r\n\t\t\t\t\r\n\t\t\t\t\tEntre os principais \r\n\t\t\t\t\r\n\t\t\t\t<\/h3>\r\n\t\t\t\t\t\t\r\n\t\t<div class=\"thsn-ihbox-contents\">\r\n\t\t\t\t<div class=\"thsn-heading-desc\">Destaque entre os principais PSPs na China  - Nilson Report    <\/div>\t\t\t<\/div><!-- .thsn-ihbox-contents -->\r\n<\/div><\/div><\/article>\r\n\t\t<\/div>\r\n\r\n\t\t<\/div><!-- .themesion-element-inner -->   <\/div><!-- .themesion-element -->  \t\t\t\t<\/div>\n\t\t\t\t<\/div>\n\t\t\t\t\t<\/div>\n\t\t<\/div>\n\t\t\t\t\t<\/div>\n\t\t<\/section>\n\t\t\t\t<section class=\"elementor-section elementor-top-section elementor-element elementor-element-35b6259 thsn-col-stretched-none thsn-bg-color-over-image elementor-section-boxed elementor-section-height-default elementor-section-height-default\" data-id=\"35b6259\" data-element_type=\"section\" data-e-type=\"section\">\n\t\t\t\t\t\t<div class=\"elementor-container elementor-column-gap-default\">\n\t\t\t\t\t<div class=\"elementor-column elementor-col-50 elementor-top-column elementor-element elementor-element-0bb021c thsn-bg-color-over-image\" data-id=\"0bb021c\" data-element_type=\"column\" data-e-type=\"column\">\n\t\t\t<div class=\"elementor-widget-wrap elementor-element-populated\">\n\t\t\t\t\t\t<div class=\"elementor-element elementor-element-8ad3d10 gallery-spacing-custom elementor-widget__width-initial elementor-widget elementor-widget-image-gallery\" data-id=\"8ad3d10\" data-element_type=\"widget\" data-e-type=\"widget\" data-widget_type=\"image-gallery.default\">\n\t\t\t\t<div class=\"elementor-widget-container\">\n\t\t\t\t\t\t\t<div class=\"elementor-image-gallery\">\n\t\t\t<div id='gallery-1' class='gallery galleryid-197 gallery-columns-1 gallery-size-full'><figure class='gallery-item'>\n\t\t\t<div class='gallery-icon landscape'>\n\t\t\t\t<img fetchpriority=\"high\" decoding=\"async\" width=\"746\" height=\"524\" src=\"https:\/\/www.morefunbrasil.com.br\/wp-content\/uploads\/2024\/06\/pdv-android-3.jpg\" class=\"attachment-full size-full\" alt=\"\" srcset=\"https:\/\/www.morefunbrasil.com.br\/wp-content\/uploads\/2024\/06\/pdv-android-3.jpg 746w, https:\/\/www.morefunbrasil.com.br\/wp-content\/uploads\/2024\/06\/pdv-android-3-300x211.jpg 300w\" sizes=\"(max-width: 746px) 100vw, 746px\" \/>\n\t\t\t<\/div><\/figure><figure class='gallery-item'>\n\t\t\t<div class='gallery-icon landscape'>\n\t\t\t\t<img decoding=\"async\" width=\"743\" height=\"368\" src=\"https:\/\/www.morefunbrasil.com.br\/wp-content\/uploads\/2024\/06\/Terminais-qr-code.jpg\" class=\"attachment-full size-full\" alt=\"\" srcset=\"https:\/\/www.morefunbrasil.com.br\/wp-content\/uploads\/2024\/06\/Terminais-qr-code.jpg 743w, https:\/\/www.morefunbrasil.com.br\/wp-content\/uploads\/2024\/06\/Terminais-qr-code-300x149.jpg 300w\" sizes=\"(max-width: 743px) 100vw, 743px\" \/>\n\t\t\t<\/div><\/figure>\n\t\t<\/div>\n\t\t<\/div>\n\t\t\t\t\t\t<\/div>\n\t\t\t\t<\/div>\n\t\t\t\t\t<\/div>\n\t\t<\/div>\n\t\t\t\t<div class=\"elementor-column elementor-col-50 elementor-top-column elementor-element elementor-element-e1e494f thsn-bg-color-over-image\" data-id=\"e1e494f\" data-element_type=\"column\" data-e-type=\"column\">\n\t\t\t<div class=\"elementor-widget-wrap elementor-element-populated\">\n\t\t\t\t\t\t<div class=\"elementor-element elementor-element-a4e8ed2 gallery-spacing-custom elementor-widget elementor-widget-image-gallery\" data-id=\"a4e8ed2\" data-element_type=\"widget\" data-e-type=\"widget\" data-widget_type=\"image-gallery.default\">\n\t\t\t\t<div class=\"elementor-widget-container\">\n\t\t\t\t\t\t\t<div class=\"elementor-image-gallery\">\n\t\t\t<div id='gallery-2' class='gallery galleryid-197 gallery-columns-1 gallery-size-full'><figure class='gallery-item'>\n\t\t\t<div class='gallery-icon landscape'>\n\t\t\t\t<img decoding=\"async\" width=\"733\" height=\"357\" src=\"https:\/\/www.morefunbrasil.com.br\/wp-content\/uploads\/2024\/06\/m-pdv-1.jpg\" class=\"attachment-full size-full\" alt=\"\" srcset=\"https:\/\/www.morefunbrasil.com.br\/wp-content\/uploads\/2024\/06\/m-pdv-1.jpg 733w, https:\/\/www.morefunbrasil.com.br\/wp-content\/uploads\/2024\/06\/m-pdv-1-300x146.jpg 300w\" sizes=\"(max-width: 733px) 100vw, 733px\" \/>\n\t\t\t<\/div><\/figure><figure class='gallery-item'>\n\t\t\t<div class='gallery-icon landscape'>\n\t\t\t\t<img loading=\"lazy\" decoding=\"async\" width=\"739\" height=\"525\" src=\"https:\/\/www.morefunbrasil.com.br\/wp-content\/uploads\/2024\/06\/pdv-tradicional-1.jpg\" class=\"attachment-full size-full\" alt=\"\" srcset=\"https:\/\/www.morefunbrasil.com.br\/wp-content\/uploads\/2024\/06\/pdv-tradicional-1.jpg 739w, https:\/\/www.morefunbrasil.com.br\/wp-content\/uploads\/2024\/06\/pdv-tradicional-1-300x213.jpg 300w\" sizes=\"(max-width: 739px) 100vw, 739px\" \/>\n\t\t\t<\/div><\/figure>\n\t\t<\/div>\n\t\t<\/div>\n\t\t\t\t\t\t<\/div>\n\t\t\t\t<\/div>\n\t\t\t\t\t<\/div>\n\t\t<\/div>\n\t\t\t\t\t<\/div>\n\t\t<\/section>\n\t\t\t\t<section class=\"elementor-section elementor-top-section elementor-element elementor-element-c253638 thsn-col-stretched-none thsn-bg-color-over-image elementor-section-boxed elementor-section-height-default elementor-section-height-default\" data-id=\"c253638\" data-element_type=\"section\" data-e-type=\"section\">\n\t\t\t\t\t\t<div class=\"elementor-container elementor-column-gap-default\">\n\t\t\t\t\t<div class=\"elementor-column elementor-col-100 elementor-top-column elementor-element elementor-element-77ea857 thsn-bg-color-over-image\" data-id=\"77ea857\" data-element_type=\"column\" data-e-type=\"column\">\n\t\t\t<div class=\"elementor-widget-wrap elementor-element-populated\">\n\t\t\t\t\t\t<div class=\"elementor-element elementor-element-32b6dd4 elementor-widget elementor-widget-spacer\" data-id=\"32b6dd4\" data-element_type=\"widget\" data-e-type=\"widget\" data-widget_type=\"spacer.default\">\n\t\t\t\t<div class=\"elementor-widget-container\">\n\t\t\t\t\t\t\t<div class=\"elementor-spacer\">\n\t\t\t<div class=\"elementor-spacer-inner\"><\/div>\n\t\t<\/div>\n\t\t\t\t\t\t<\/div>\n\t\t\t\t<\/div>\n\t\t\t\t\t<\/div>\n\t\t<\/div>\n\t\t\t\t\t<\/div>\n\t\t<\/section>\n\t\t\t\t<section class=\"elementor-section elementor-top-section elementor-element elementor-element-3e836d8 thsn-col-stretched-none thsn-bg-color-over-image elementor-section-boxed elementor-section-height-default elementor-section-height-default\" data-id=\"3e836d8\" data-element_type=\"section\" data-e-type=\"section\">\n\t\t\t\t\t\t<div class=\"elementor-container elementor-column-gap-default\">\n\t\t\t\t\t<div class=\"elementor-column elementor-col-100 elementor-top-column elementor-element elementor-element-de93c22 thsn-bg-color-over-image\" data-id=\"de93c22\" data-element_type=\"column\" data-e-type=\"column\">\n\t\t\t<div class=\"elementor-widget-wrap\">\n\t\t\t\t\t\t\t<\/div>\n\t\t<\/div>\n\t\t\t\t\t<\/div>\n\t\t<\/section>\n\t\t\t\t<section class=\"elementor-section elementor-top-section elementor-element elementor-element-6d29b06 elementor-section-stretched thsn-col-stretched-none thsn-bg-color-over-image elementor-section-boxed elementor-section-height-default elementor-section-height-default\" data-id=\"6d29b06\" data-element_type=\"section\" data-e-type=\"section\" data-settings=\"{&quot;stretch_section&quot;:&quot;section-stretched&quot;,&quot;background_background&quot;:&quot;classic&quot;}\">\n\t\t\t\t\t\t<div class=\"elementor-container elementor-column-gap-default\">\n\t\t\t\t\t<div class=\"elementor-column elementor-col-50 elementor-top-column elementor-element elementor-element-b9da3f2 thsn-bg-image-over-color elementor-hidden-mobile\" data-id=\"b9da3f2\" data-element_type=\"column\" data-e-type=\"column\" data-settings=\"{&quot;background_background&quot;:&quot;slideshow&quot;,&quot;background_slideshow_gallery&quot;:[],&quot;background_slideshow_loop&quot;:&quot;yes&quot;,&quot;background_slideshow_slide_duration&quot;:5000,&quot;background_slideshow_slide_transition&quot;:&quot;fade&quot;,&quot;background_slideshow_transition_duration&quot;:500}\">\n\t\t\t<div class=\"elementor-widget-wrap elementor-element-populated\">\n\t\t\t\t\t\t<div class=\"elementor-element elementor-element-b3aef5b elementor-widget__width-inherit elementor-widget elementor-widget-image-box\" data-id=\"b3aef5b\" data-element_type=\"widget\" data-e-type=\"widget\" data-widget_type=\"image-box.default\">\n\t\t\t\t<div class=\"elementor-widget-container\">\n\t\t\t\t\t<div class=\"elementor-image-box-wrapper\"><div class=\"elementor-image-box-content\"><h1 class=\"elementor-image-box-title\">FOR\u00c7A DO FABRICANTE<\/h1><p class=\"elementor-image-box-description\"><br>Um dos maiores fornecedores de terminais de pagamento do mundo. \n<br><br>Oferecemos terminais POS e servi\u00e7os para empresas de todos os portes em diversos setores. \n<br><br>Nossos clientes confiam em nossa ampla e inovadora gama de solu\u00e7\u00f5es e servi\u00e7os para simplificar o processamento de pagamentos e criar a melhor  experi\u00eancias de consumo.        \n<br><br>Acreditamos que a cultura que temos enraizada no nosso DNA, aquela que se preocupa com os seus parceiros de neg\u00f3cios e colaboradores, contribuir\u00e1 muito para ajudar a criar novas rela\u00e7\u00f5es mutuamente ben\u00e9ficas e ajudar mais parceiros e colaboradores a realizarem os seus sonhos.\n<\/p><\/div><\/div>\t\t\t\t<\/div>\n\t\t\t\t<\/div>\n\t\t\t\t\t<\/div>\n\t\t<\/div>\n\t\t\t\t<div class=\"elementor-column elementor-col-50 elementor-top-column elementor-element elementor-element-f0fac7d thsn-bg-color-over-image\" data-id=\"f0fac7d\" data-element_type=\"column\" data-e-type=\"column\">\n\t\t\t<div class=\"elementor-widget-wrap\">\n\t\t\t\t\t\t\t<\/div>\n\t\t<\/div>\n\t\t\t\t\t<\/div>\n\t\t<\/section>\n\t\t\t\t<section class=\"elementor-section elementor-top-section elementor-element elementor-element-5060740c thsn-bg-color-yes thsn-elementor-bg-color-white thsn-bg-image-over-color elementor-section-stretched thsn-col-stretched-none elementor-section-boxed elementor-section-height-default elementor-section-height-default\" data-id=\"5060740c\" data-element_type=\"section\" data-e-type=\"section\" data-settings=\"{&quot;stretch_section&quot;:&quot;section-stretched&quot;,&quot;background_background&quot;:&quot;classic&quot;}\">\n\t\t\t\t\t\t<div class=\"elementor-container elementor-column-gap-no\">\n\t\t\t\t\t<div class=\"elementor-column elementor-col-100 elementor-top-column elementor-element elementor-element-62a38ff0 thsn-bg-color-over-image\" data-id=\"62a38ff0\" data-element_type=\"column\" data-e-type=\"column\">\n\t\t\t<div class=\"elementor-widget-wrap elementor-element-populated\">\n\t\t\t\t\t\t<div class=\"elementor-element elementor-element-13e2eed thsn-align-center elementor-widget elementor-widget-thsn_heading\" data-id=\"13e2eed\" data-element_type=\"widget\" data-e-type=\"widget\" data-widget_type=\"thsn_heading.default\">\n\t\t\t\t<div class=\"elementor-widget-container\">\n\t\t\t\t\t\t<div class=\"thsn-heading-subheading center-align thsn-reverse-heading-yes\"><h4 class=\"thsn-element-subtitle\">\r\n\t\t\t\r\n\t\t\t\tMoreFun BR\r\n\t\t\t\r\n\t\t\t<\/h4>\r\n\t\t<h2 class=\"thsn-element-title\">\r\n\t\t\t\r\n\t\t\t\tA MoreFun est\u00e1 comprometida em fornecer aos clientes solu\u00e7\u00f5es vi\u00e1veis \u200b\u200bmais adequadas e econ\u00f4micas!\r\n\t\t\t\r\n\t\t\t<\/h2>\r\n\t\t<\/div>\t\t\t\t<\/div>\n\t\t\t\t<\/div>\n\t\t\t\t<section class=\"elementor-section elementor-inner-section elementor-element elementor-element-27ecbcfc thsn-bg-image-over-color thsn-col-stretched-none elementor-section-boxed elementor-section-height-default elementor-section-height-default\" data-id=\"27ecbcfc\" data-element_type=\"section\" data-e-type=\"section\">\n\t\t\t\t\t\t<div class=\"elementor-container elementor-column-gap-no\">\n\t\t\t\t\t<div class=\"elementor-column elementor-col-33 elementor-inner-column elementor-element elementor-element-2f8fd35a thsn-bg-color-over-image\" data-id=\"2f8fd35a\" data-element_type=\"column\" data-e-type=\"column\">\n\t\t\t<div class=\"elementor-widget-wrap elementor-element-populated\">\n\t\t\t\t\t\t<div class=\"elementor-element elementor-element-2956dcf9 elementor-widget elementor-widget-thsn_fid_element\" data-id=\"2956dcf9\" data-element_type=\"widget\" data-e-type=\"widget\" data-settings=\"{&quot;_animation&quot;:&quot;none&quot;}\" data-widget_type=\"thsn_fid_element.default\">\n\t\t\t\t<div class=\"elementor-widget-container\">\n\t\t\t\t\t<div class=\"themesion-ele themesion-ele-fid themesion-ele-fid-style-4 \"><div class=\"thsn-fld-contents\">\r\n\t<div class=\"thsn-sbox-icon-wrapper\"><div class=\"thsn-fid-svg-icon\"><img decoding=\"async\" src=\"https:\/\/morefunbrasil.com.br\/wp-content\/uploads\/2024\/06\/Asset-3-1.svg\" \/><\/div><\/div>\t<div class=\"thsn-fid-wrap\">\r\n\t\t<h4 class=\"thsn-fid-inner\">\r\n\t\t\t\t\t\t<span class=\"thsn-number-rotate\" data-appear-animation=\"animateDigits\" data-from=\"0\" data-to=\"19\" data-interval=\"5\" data-before=\"\" data-before-style=\"\" data-after=\"\" data-after-style=\"\">\r\n\t\t\t\t19\t\t\t<\/span><span class=\"thsn-fid-sub\"><\/span>\r\n\t\t<\/h4>\r\n\t\t<span class=\"thsn-fid-title\">Anos de experi\u00eancia<\/span>\r\n\t<\/div>\r\n<\/div><!-- .thsn-fld-contents -->\r\n<\/div>\t\t\t\t<\/div>\n\t\t\t\t<\/div>\n\t\t\t\t<div class=\"elementor-element elementor-element-11531eb3 elementor-widget elementor-widget-thsn_fid_element\" data-id=\"11531eb3\" data-element_type=\"widget\" data-e-type=\"widget\" data-widget_type=\"thsn_fid_element.default\">\n\t\t\t\t<div class=\"elementor-widget-container\">\n\t\t\t\t\t<div class=\"themesion-ele themesion-ele-fid themesion-ele-fid-style-4 \"><div class=\"thsn-fld-contents\">\r\n\t<div class=\"thsn-sbox-icon-wrapper\"><div class=\"thsn-fid-svg-icon\"><img decoding=\"async\" src=\"https:\/\/morefunbrasil.com.br\/wp-content\/uploads\/2024\/06\/Asset-2.svg\" \/><\/div><\/div>\t<div class=\"thsn-fid-wrap\">\r\n\t\t<h4 class=\"thsn-fid-inner\">\r\n\t\t\t\t\t\t<span class=\"thsn-number-rotate\" data-appear-animation=\"animateDigits\" data-from=\"0\" data-to=\"50\" data-interval=\"5\" data-before=\"\" data-before-style=\"\" data-after=\"\" data-after-style=\"\">\r\n\t\t\t\t50\t\t\t<\/span><span class=\"thsn-fid-sub\"><\/span>\r\n\t\t<\/h4>\r\n\t\t<span class=\"thsn-fid-title\">Paises<\/span>\r\n\t<\/div>\r\n<\/div><!-- .thsn-fld-contents -->\r\n<\/div>\t\t\t\t<\/div>\n\t\t\t\t<\/div>\n\t\t\t\t\t<\/div>\n\t\t<\/div>\n\t\t\t\t<div class=\"elementor-column elementor-col-33 elementor-inner-column elementor-element elementor-element-3c33e941 thsn-bg-color-over-image\" data-id=\"3c33e941\" data-element_type=\"column\" data-e-type=\"column\">\n\t\t\t<div class=\"elementor-widget-wrap elementor-element-populated\">\n\t\t\t\t\t\t<div class=\"elementor-element elementor-element-26cb3aab e-transform elementor-widget elementor-widget-thsn_fid_element\" data-id=\"26cb3aab\" data-element_type=\"widget\" data-e-type=\"widget\" data-settings=\"{&quot;_animation&quot;:&quot;none&quot;,&quot;_transform_scale_effect&quot;:{&quot;unit&quot;:&quot;px&quot;,&quot;size&quot;:&quot;&quot;,&quot;sizes&quot;:[]},&quot;_transform_scale_effect_tablet&quot;:{&quot;unit&quot;:&quot;px&quot;,&quot;size&quot;:&quot;&quot;,&quot;sizes&quot;:[]},&quot;_transform_scale_effect_mobile&quot;:{&quot;unit&quot;:&quot;px&quot;,&quot;size&quot;:&quot;&quot;,&quot;sizes&quot;:[]}}\" data-widget_type=\"thsn_fid_element.default\">\n\t\t\t\t<div class=\"elementor-widget-container\">\n\t\t\t\t\t<div class=\"themesion-ele themesion-ele-fid themesion-ele-fid-style-4 \"><div class=\"thsn-fld-contents\">\r\n\t<div class=\"thsn-sbox-icon-wrapper\"><div class=\"thsn-fid-svg-icon\"><img decoding=\"async\" src=\"https:\/\/morefunbrasil.com.br\/wp-content\/uploads\/2024\/06\/Asset-6.svg\" \/><\/div><\/div>\t<div class=\"thsn-fid-wrap\">\r\n\t\t<h4 class=\"thsn-fid-inner\">\r\n\t\t\t\t\t\t<span class=\"thsn-number-rotate\" data-appear-animation=\"animateDigits\" data-from=\"0\" data-to=\"35000000\" data-interval=\"5\" data-before=\"\" data-before-style=\"\" data-after=\"\" data-after-style=\"\">\r\n\t\t\t\t35000000\t\t\t<\/span><span class=\"thsn-fid-sub\"><\/span>\r\n\t\t<\/h4>\r\n\t\t<span class=\"thsn-fid-title\">Implanta\u00e7\u00f5es<\/span>\r\n\t<\/div>\r\n<\/div><!-- .thsn-fld-contents -->\r\n<\/div>\t\t\t\t<\/div>\n\t\t\t\t<\/div>\n\t\t\t\t<div class=\"elementor-element elementor-element-144b055c elementor-widget elementor-widget-thsn_fid_element\" data-id=\"144b055c\" data-element_type=\"widget\" data-e-type=\"widget\" data-widget_type=\"thsn_fid_element.default\">\n\t\t\t\t<div class=\"elementor-widget-container\">\n\t\t\t\t\t<div class=\"themesion-ele themesion-ele-fid themesion-ele-fid-style-4 \"><div class=\"thsn-fld-contents\">\r\n\t<div class=\"thsn-sbox-icon-wrapper\"><div class=\"thsn-fid-svg-icon\"><img decoding=\"async\" src=\"https:\/\/morefunbrasil.com.br\/wp-content\/uploads\/2024\/06\/Asset-4-1.svg\" \/><\/div><\/div>\t<div class=\"thsn-fid-wrap\">\r\n\t\t<h4 class=\"thsn-fid-inner\">\r\n\t\t\t\t\t\t<span class=\"thsn-number-rotate\" data-appear-animation=\"animateDigits\" data-from=\"0\" data-to=\"300\" data-interval=\"5\" data-before=\"\" data-before-style=\"\" data-after=\"\" data-after-style=\"\">\r\n\t\t\t\t300\t\t\t<\/span><span class=\"thsn-fid-sub\"><sup>%<\/sup><\/span>\r\n\t\t<\/h4>\r\n\t\t<span class=\"thsn-fid-title\">Crescimento de receita<\/span>\r\n\t<\/div>\r\n<\/div><!-- .thsn-fld-contents -->\r\n<\/div>\t\t\t\t<\/div>\n\t\t\t\t<\/div>\n\t\t\t\t\t<\/div>\n\t\t<\/div>\n\t\t\t\t<div class=\"elementor-column elementor-col-33 elementor-inner-column elementor-element elementor-element-6580959 thsn-bg-color-over-image\" data-id=\"6580959\" data-element_type=\"column\" data-e-type=\"column\">\n\t\t\t<div class=\"elementor-widget-wrap elementor-element-populated\">\n\t\t\t\t\t\t<div class=\"elementor-element elementor-element-16575e1 elementor-widget elementor-widget-thsn_fid_element\" data-id=\"16575e1\" data-element_type=\"widget\" data-e-type=\"widget\" data-widget_type=\"thsn_fid_element.default\">\n\t\t\t\t<div class=\"elementor-widget-container\">\n\t\t\t\t\t<div class=\"themesion-ele themesion-ele-fid themesion-ele-fid-style-4 \"><div class=\"thsn-fld-contents\">\r\n\t<div class=\"thsn-sbox-icon-wrapper\"><div class=\"thsn-fid-svg-icon\"><img decoding=\"async\" src=\"https:\/\/morefunbrasil.com.br\/wp-content\/uploads\/2024\/06\/Asset-5-1.svg\" \/><\/div><\/div>\t<div class=\"thsn-fid-wrap\">\r\n\t\t<h4 class=\"thsn-fid-inner\">\r\n\t\t\t\t\t\t<span class=\"thsn-number-rotate\" data-appear-animation=\"animateDigits\" data-from=\"0\" data-to=\"70\" data-interval=\"5\" data-before=\"\" data-before-style=\"\" data-after=\"\" data-after-style=\"\">\r\n\t\t\t\t70\t\t\t<\/span><span class=\"thsn-fid-sub\"><sup>%<\/sup><\/span>\r\n\t\t<\/h4>\r\n\t\t<span class=\"thsn-fid-title\">Engenheiros\n<\/span>\r\n\t<\/div>\r\n<\/div><!-- .thsn-fld-contents -->\r\n<\/div>\t\t\t\t<\/div>\n\t\t\t\t<\/div>\n\t\t\t\t<div class=\"elementor-element elementor-element-8c3b0bf elementor-widget elementor-widget-thsn_fid_element\" data-id=\"8c3b0bf\" data-element_type=\"widget\" data-e-type=\"widget\" data-widget_type=\"thsn_fid_element.default\">\n\t\t\t\t<div class=\"elementor-widget-container\">\n\t\t\t\t\t<div class=\"themesion-ele themesion-ele-fid themesion-ele-fid-style-4 \"><div class=\"thsn-fld-contents\">\r\n\t<div class=\"thsn-sbox-icon-wrapper\"><div class=\"thsn-fid-svg-icon\"><img decoding=\"async\" src=\"https:\/\/morefunbrasil.com.br\/wp-content\/uploads\/2024\/06\/Asset-1-1.svg\" \/><\/div><\/div>\t<div class=\"thsn-fid-wrap\">\r\n\t\t<h4 class=\"thsn-fid-inner\">\r\n\t\t\t\t\t\t<span class=\"thsn-number-rotate\" data-appear-animation=\"animateDigits\" data-from=\"0\" data-to=\"200\" data-interval=\"5\" data-before=\"\" data-before-style=\"\" data-after=\"\" data-after-style=\"\">\r\n\t\t\t\t200\t\t\t<\/span><span class=\"thsn-fid-sub\"><\/span>\r\n\t\t<\/h4>\r\n\t\t<span class=\"thsn-fid-title\">Funcion\u00e1rios<\/span>\r\n\t<\/div>\r\n<\/div><!-- .thsn-fld-contents -->\r\n<\/div>\t\t\t\t<\/div>\n\t\t\t\t<\/div>\n\t\t\t\t\t<\/div>\n\t\t<\/div>\n\t\t\t\t\t<\/div>\n\t\t<\/section>\n\t\t\t\t\t<\/div>\n\t\t<\/div>\n\t\t\t\t\t<\/div>\n\t\t<\/section>\n\t\t\t\t<\/div>\n\t\t","protected":false},"excerpt":{"rendered":"<p>3\u00ba maior Fornecedor de terminais POS em todo o mundo. O maior Fornecedor de terminais POS na regi\u00e3o Asi\u00e1tica Entre os principais Destaque entre os principais PSPs na China &#8211; Nilson Report FOR\u00c7A DO FABRICANTE Um dos maiores fornecedores de terminais de pagamento do mundo. Oferecemos terminais POS e servi\u00e7os para empresas de todos os portes em diversos setores. Nossos clientes confiam em nossa ampla e inovadora gama de solu\u00e7\u00f5es[&hellip;]<\/p>\n","protected":false},"author":1,"featured_media":0,"parent":0,"menu_order":7,"comment_status":"closed","ping_status":"closed","template":"","meta":{"_acf_changed":false,"gutenify_custom_css":"","gutenify_custom_css_data":"","footnotes":""},"class_list":["post-197","page","type-page","status-publish","hentry"],"acf":[],"_links":{"self":[{"href":"https:\/\/www.morefunbrasil.com.br\/index.php?rest_route=\/wp\/v2\/pages\/197","targetHints":{"allow":["GET"]}}],"collection":[{"href":"https:\/\/www.morefunbrasil.com.br\/index.php?rest_route=\/wp\/v2\/pages"}],"about":[{"href":"https:\/\/www.morefunbrasil.com.br\/index.php?rest_route=\/wp\/v2\/types\/page"}],"author":[{"embeddable":true,"href":"https:\/\/www.morefunbrasil.com.br\/index.php?rest_route=\/wp\/v2\/users\/1"}],"replies":[{"embeddable":true,"href":"https:\/\/www.morefunbrasil.com.br\/index.php?rest_route=%2Fwp%2Fv2%2Fcomments&post=197"}],"version-history":[{"count":171,"href":"https:\/\/www.morefunbrasil.com.br\/index.php?rest_route=\/wp\/v2\/pages\/197\/revisions"}],"predecessor-version":[{"id":1269,"href":"https:\/\/www.morefunbrasil.com.br\/index.php?rest_route=\/wp\/v2\/pages\/197\/revisions\/1269"}],"wp:attachment":[{"href":"https:\/\/www.morefunbrasil.com.br\/index.php?rest_route=%2Fwp%2Fv2%2Fmedia&parent=197"}],"curies":[{"name":"wp","href":"https:\/\/api.w.org\/{rel}","templated":true}]}}